{"id":22,"date":"2025-01-31T10:39:33","date_gmt":"2025-01-31T13:39:33","guid":{"rendered":"https:\/\/symac.beclever.dev\/?page_id=22"},"modified":"2025-03-28T11:40:02","modified_gmt":"2025-03-28T14:40:02","slug":"sobre-nosotros","status":"publish","type":"page","link":"https:\/\/symac.beclever.dev\/?page_id=22","title":{"rendered":"Sobre Nosotros"},"content":{"rendered":"\n<div class=\"wp-block-group alignfull has-global-padding is-layout-constrained wp-block-group-is-layout-constrained\" style=\"margin-top:var(--wp--preset--spacing--xx-large);margin-bottom:var(--wp--preset--spacing--xx-large)\">\n<div class=\"wp-block-columns is-layout-flex wp-container-core-columns-is-layout-010e51cd wp-block-columns-is-layout-flex\">\n<div class=\"wp-block-column is-vertically-aligned-center is-layout-flow wp-block-column-is-layout-flow\" style=\"flex-basis:47%\">\n<div class=\"wp-block-group has-global-padding is-layout-constrained wp-container-core-group-is-layout-f5f3bcb8 wp-block-group-is-layout-constrained\">\n<div class=\"wp-block-group is-nowrap is-layout-flex wp-container-core-group-is-layout-6c531013 wp-block-group-is-layout-flex\">\n<h6 class=\"wp-block-heading has-highlight-color has-text-color has-link-color has-x-small-font-size wp-elements-1858cd54a3419232a41c3d7f3cbf9bb0\">Quienes somos<\/h6>\n\n\n\n<hr class=\"wp-block-separator has-text-color has-highlight-color has-alpha-channel-opacity has-highlight-background-color has-background is-style-wide wp-container-content-e1bb55cb\"\/>\n<\/div>\n\n\n\n<h2 class=\"wp-block-heading\" style=\"line-height:1.1\">SYMAC<\/h2>\n\n\n\n<p><strong>Sociedad SYMAC S.A.<\/strong>, fue creada en enero del a\u00f1o 2007, por profesionales del \u00e1rea de la construcci\u00f3n y con vasta experiencia en proyectos de peque\u00f1a y gran envergadura.<\/p>\n\n\n\n<p>Nos hemos desempe\u00f1ado fundamentalmente en proyectos y construcciones de las \u00e1reas:<\/p>\n<\/div>\n\n\n\n<div class=\"wp-block-columns is-layout-flex wp-container-core-columns-is-layout-a4fa4f99 wp-block-columns-is-layout-flex\" style=\"margin-top:var(--wp--preset--spacing--medium);margin-bottom:var(--wp--preset--spacing--medium)\">\n<div class=\"wp-block-column is-vertically-aligned-center is-layout-flow wp-block-column-is-layout-flow\" style=\"flex-basis:45%\">\n<ul class=\"wp-block-list has-medium-font-size wp-container-content-9ecdb5e9\">\n<li>Industrial privado.<\/li>\n\n\n\n<li>Retail.<\/li>\n\n\n\n<li>Establecimientos educacionales.<\/li>\n<\/ul>\n<\/div>\n\n\n\n<div class=\"wp-block-column is-layout-flow wp-block-column-is-layout-flow\" style=\"flex-basis:55%\">\n<div class=\"wp-block-group has-border-color has-outline-border-color has-light-background-color has-background has-global-padding is-layout-constrained wp-container-core-group-is-layout-1a531f90 wp-block-group-is-layout-constrained\" style=\"border-width:2px;border-radius:10px;padding-top:var(--wp--preset--spacing--small);padding-right:var(--wp--preset--spacing--small);padding-bottom:var(--wp--preset--spacing--small);padding-left:var(--wp--preset--spacing--small)\">\n<div class=\"wp-block-group is-nowrap is-layout-flex wp-container-core-group-is-layout-6c531013 wp-block-group-is-layout-flex\">\n<h2 class=\"wp-block-heading wp-container-content-06f487a6\">18+<\/h2>\n\n\n\n<p class=\"has-x-small-font-size\">A\u00d1OS DE EXPERIENCIA<\/p>\n<\/div>\n<\/div>\n<\/div>\n<\/div>\n\n\n\n<div class=\"wp-block-group is-layout-flex wp-container-core-group-is-layout-c8b6bfc8 wp-block-group-is-layout-flex\">\n<div class=\"wp-block-buttons wp-container-content-b864c3d2 is-content-justification-left is-layout-flex wp-container-core-buttons-is-layout-fc4fd283 wp-block-buttons-is-layout-flex\">\n<div class=\"wp-block-button has-custom-width wp-block-button__width-100\"><a class=\"wp-block-button__link wp-element-button\" href=\"https:\/\/symac.beclever.dev\/?page_id=7\" style=\"border-radius:5px;padding-top:20px;padding-right:var(--wp--preset--spacing--small);padding-bottom:20px;padding-left:var(--wp--preset--spacing--small)\">CONT\u00c1CTANOS<\/a><\/div>\n<\/div>\n<\/div>\n<\/div>\n<\/div>\n<\/div>\n\n\n\n<p><\/p>\n","protected":false},"excerpt":{"rendered":"<p>Quienes somos SYMAC Sociedad SYMAC S.A., fue creada en enero del a\u00f1o 2007, por profesionales del \u00e1rea de la construcci\u00f3n y con vasta experiencia en proyectos de peque\u00f1a y gran envergadura. Nos hemos desempe\u00f1ado fundamentalmente en proyectos y construcciones de las \u00e1reas: 18+ A\u00d1OS DE EXPERIENCIA<\/p>\n","protected":false},"author":1,"featured_media":0,"parent":0,"menu_order":0,"comment_status":"closed","ping_status":"closed","template":"","meta":{"footnotes":""},"class_list":["post-22","page","type-page","status-publish","hentry"],"_links":{"self":[{"href":"https:\/\/symac.beclever.dev\/index.php?rest_route=\/wp\/v2\/pages\/22","targetHints":{"allow":["GET"]}}],"collection":[{"href":"https:\/\/symac.beclever.dev\/index.php?rest_route=\/wp\/v2\/pages"}],"about":[{"href":"https:\/\/symac.beclever.dev\/index.php?rest_route=\/wp\/v2\/types\/page"}],"author":[{"embeddable":true,"href":"https:\/\/symac.beclever.dev\/index.php?rest_route=\/wp\/v2\/users\/1"}],"replies":[{"embeddable":true,"href":"https:\/\/symac.beclever.dev\/index.php?rest_route=%2Fwp%2Fv2%2Fcomments&post=22"}],"version-history":[{"count":6,"href":"https:\/\/symac.beclever.dev\/index.php?rest_route=\/wp\/v2\/pages\/22\/revisions"}],"predecessor-version":[{"id":198,"href":"https:\/\/symac.beclever.dev\/index.php?rest_route=\/wp\/v2\/pages\/22\/revisions\/198"}],"wp:attachment":[{"href":"https:\/\/symac.beclever.dev\/index.php?rest_route=%2Fwp%2Fv2%2Fmedia&parent=22"}],"curies":[{"name":"wp","href":"https:\/\/api.w.org\/{rel}","templated":true}]}}